{"id":36,"date":"2025-09-14T18:52:07","date_gmt":"2025-09-14T16:52:07","guid":{"rendered":"https:\/\/lacultureallemande.com\/?page_id=36"},"modified":"2025-09-18T10:42:05","modified_gmt":"2025-09-18T08:42:05","slug":"bibliographie","status":"publish","type":"page","link":"https:\/\/lacultureallemande.com\/index.php\/bibliographie\/","title":{"rendered":"Bibliographie"},"content":{"rendered":"\n<div class=\"wp-block-columns is-layout-flex wp-container-core-columns-is-layout-9d6595d7 wp-block-columns-is-layout-flex\">\n<div class=\"wp-block-column is-layout-flow wp-block-column-is-layout-flow\" style=\"flex-basis:100%\">\n<figure class=\"wp-block-table is-style-regular\"><table><thead><tr><th><br><\/th><th class=\"has-text-align-left\" data-align=\"left\"><strong>R\u00e9f\u00e9rences<\/strong><\/th><td><strong>Niveau<\/strong><\/td><\/tr><\/thead><tbody><tr><td rowspan=\"5\">Grammaire<\/td><td class=\"has-text-align-left\" data-align=\"left\">Aide-m\u00e9moire Larousse, tout le programme du lyc\u00e9e 2nde, 1\u00e8re, Terminale (ed. Larousse)<\/td><td>facile<\/td><\/tr><tr><td>Grammaire allemande : exercices et corrig\u00e9s par F.Saucier (ed. Bordas)<\/td><td class=\"has-text-align-left\" data-align=\"left\">facile<\/td><\/tr><tr><td>La grammaire allemande par les exercices. R.Bunk et Y.Debans (ed. Spratbrow)<\/td><td class=\"has-text-align-left\" data-align=\"left\">avanc\u00e9<\/td><\/tr><tr><td>Einfach und Klar ! Grammaire allemande (Ellipses)<\/td><td class=\"has-text-align-left\" data-align=\"left\">moyen<\/td><\/tr><tr><td>Los ! Petits exercices de grammaire allemande pour bien r\u00e9viser<br>(Ellipses)<\/td><td class=\"has-text-align-left\" data-align=\"left\">moyen<\/td><\/tr><tr><td rowspan=\"2\">Dictionnaires<\/td><td class=\"has-text-align-left\" data-align=\"left\">Dictionnaire allemand. ed Hachette-Langenscheidt, un dictionnaire bilingue tr\u00e8s complet<\/td><td>moyen<\/td><\/tr><tr><td>Grossw\u00f6rterbuch f\u00fcr Experten und Universit\u00e4ten (deutsch\/franz\u00f6sisch , franz\u00f6sisch\/deutsch \u2013 ed. Pons<\/td><td class=\"has-text-align-left\" data-align=\"left\">tr\u00e8s avanc\u00e9<\/td><\/tr><tr><td rowspan=\"2\">Conjugaison<\/td><td class=\"has-text-align-left\" data-align=\"left\">\u00ab&nbsp;La conjugaison allemande&nbsp;\u00bb (ed Hachette) par L. Bouchacourt<\/td><td><\/td><\/tr><tr><td>\u00ab&nbsp;Les verbes allemands, Bescherelle&nbsp;\u00bb (ed Hatier)<\/td><td class=\"has-text-align-left\" data-align=\"left\"><\/td><\/tr><tr><td rowspan=\"5\">Vocabulaire<\/td><td class=\"has-text-align-left\" data-align=\"left\">\u00ab&nbsp;Les mots allemands&nbsp;\u00bb (ed. Hachette) par R.F Niemann : un tr\u00e8s grand classique ind\u00e9modable !<\/td><td><\/td><\/tr><tr><td>\u00ab&nbsp;SOS Allemand&nbsp;\u00bb Niveau 1 ed. Ellipses : une r\u00e9vision syst\u00e9matique de la grammaire et du vocabulaire<\/td><td class=\"has-text-align-left\" data-align=\"left\"><\/td><\/tr><tr><td>\u00ab&nbsp;Bre(t)zel, 50 activit\u00e9s pour apprendre et revoir le vocabulaire allemand de base&nbsp;\u00bb (ed. Ellipses)<\/td><td class=\"has-text-align-left\" data-align=\"left\"><\/td><\/tr><tr><td>\u00ab&nbsp;Du tac au tac&nbsp;\u00bb (ed. Ellipses) par JP Demarche, un recueil de 1300 phrases br\u00e8ves avec traduction en regard<\/td><td class=\"has-text-align-left\" data-align=\"left\"><\/td><\/tr><tr><td>\u00ab&nbsp;Le SAMU du germaniste&nbsp;\u00bb (ed. Ellipses) de Linda et L\u00e9on Karlson : un ouvrage plein d\u2019humour et tr\u00e8s pratique sur les faux-amis, les mots fr\u00e9quents qui donnent souvent lieu \u00e0 des confusions, des conseils pour acqu\u00e9rir une phon\u00e9tique correcte, pour lire un article de presse etc\u2026 etc\u2026 bref une mine !<\/td><td class=\"has-text-align-left\" data-align=\"left\"><\/td><\/tr><\/tbody><\/table><\/figure>\n<\/div>\n<\/div>\n","protected":false},"excerpt":{"rendered":"<p>R\u00e9f\u00e9rences Niveau Grammaire Aide-m\u00e9moire Larousse, tout le programme du lyc\u00e9e 2nde, 1\u00e8re, Terminale (ed. Larousse) facile Grammaire allemande : exercices et corrig\u00e9s par F.Saucier (ed. Bordas) facile La grammaire allemande par les exercices. R.Bunk et Y.Debans (ed. Spratbrow) avanc\u00e9 Einfach und Klar ! Grammaire allemande (Ellipses) moyen Los ! Petits exercices de grammaire allemande pour &hellip; <a href=\"https:\/\/lacultureallemande.com\/index.php\/bibliographie\/\" class=\"more-link\">Continuer la lecture de <span class=\"screen-reader-text\">Bibliographie<\/span>  <span class=\"meta-nav\">&rarr;<\/span><\/a><\/p>\n","protected":false},"author":1,"featured_media":0,"parent":0,"menu_order":0,"comment_status":"closed","ping_status":"closed","template":"","meta":{"footnotes":""},"class_list":["post-36","page","type-page","status-publish","hentry"],"_links":{"self":[{"href":"https:\/\/lacultureallemande.com\/index.php\/wp-json\/wp\/v2\/pages\/36","targetHints":{"allow":["GET"]}}],"collection":[{"href":"https:\/\/lacultureallemande.com\/index.php\/wp-json\/wp\/v2\/pages"}],"about":[{"href":"https:\/\/lacultureallemande.com\/index.php\/wp-json\/wp\/v2\/types\/page"}],"author":[{"embeddable":true,"href":"https:\/\/lacultureallemande.com\/index.php\/wp-json\/wp\/v2\/users\/1"}],"replies":[{"embeddable":true,"href":"https:\/\/lacultureallemande.com\/index.php\/wp-json\/wp\/v2\/comments?post=36"}],"version-history":[{"count":3,"href":"https:\/\/lacultureallemande.com\/index.php\/wp-json\/wp\/v2\/pages\/36\/revisions"}],"predecessor-version":[{"id":84,"href":"https:\/\/lacultureallemande.com\/index.php\/wp-json\/wp\/v2\/pages\/36\/revisions\/84"}],"wp:attachment":[{"href":"https:\/\/lacultureallemande.com\/index.php\/wp-json\/wp\/v2\/media?parent=36"}],"curies":[{"name":"wp","href":"https:\/\/api.w.org\/{rel}","templated":true}]}}