{"id":27,"date":"2025-09-14T18:29:42","date_gmt":"2025-09-14T16:29:42","guid":{"rendered":"https:\/\/lacultureallemande.com\/?page_id=27"},"modified":"2025-09-22T15:56:47","modified_gmt":"2025-09-22T13:56:47","slug":"2024-secondes-modules","status":"publish","type":"page","link":"https:\/\/lacultureallemande.com\/index.php\/2024-secondes-modules\/","title":{"rendered":"2024-Secondes Modules"},"content":{"rendered":"\n<p><strong>Sept-Mai<\/strong><\/p>\n\n\n\n<p><strong>H\u00f6ren \u2013 Sprechen \u2013 Schreiben<br><\/strong>-\u00ab&nbsp;H&nbsp;\u00bb muet ou expir\u00e9<br>\u2013 Son \u00ab&nbsp;sch&nbsp;\u00bb ou \u00ab&nbsp;ch&nbsp;\u00bb<br><strong>Grammatik :<br><\/strong>Le datif :<br>\u2013 souligner le personnage \u00e0 qui l\u2019action s\u2019adresse<br>\u2013 souligner le GN au datif<br>\u2013 trouver la pr\u00e9position manquante<br>\u2013 Ajouter les marques dans les phrases<br>\u2013 Replacer le groupe entre parenth\u00e8ses dans la phrase<\/p>\n\n\n\n<p><strong>H\u00f6ren \u2013 Sprechen \u2013 Schreiben<\/strong><br>S ou Z ?<br>\u2013 Ecoute des mots, trouver la lettre manquante : s ou z ?<br>\u2013 lecture des mots \u00e0 haute voix<br>\u2013 recopier les mots entendus<br><strong>Grammatik<br><\/strong>Les verbes de modalit\u00e9<\/p>\n\n\n\n<p><strong>H\u00f6ren \u2013 Sprechen \u2013 Schreiben<\/strong><br>S devant T<br>S devant P<br>\u2013 Ecoute des mots, comment se prononce la lettre T ? Pourquoi ?<br>\u2013 Ecoute des mots, comment se prononce la lettre S ? Pourquoi ?<br>\u2013 Recopier et souligner les lettres SP et ST quand le S se prononce comme le son SCH<br>en allemand<br><strong>Grammatik<br><\/strong>Les groupes nominaux pr\u00e9positionnels de lieu et de temps (in- im \u2013 nach- zu \u2013 bei \u2013 am \u2013 um <\/p>\n\n\n\n<p><strong>H\u00f6ren \u2013 Sprechen \u2013 Schreiben<br>\u00c4 \u2013 A \/&nbsp; \u00d6 \u2013 O<br>\u2013&nbsp;<\/strong>Ecouter les mots et r\u00e9p\u00e9ter<br><strong>D en fin de mot<br><\/strong>\u2013 Ecouter les mots et r\u00e9p\u00e9ter. Comment se prononce la lettre D en fin de mot ?<br><strong>U \u2013 \u00dc<br><\/strong>\u2013 Ecouter et r\u00e9p\u00e9ter les mots<br>\u2013 Noter les mots entendus<br><strong>La voyelle Y<br><\/strong>\u2013 Ecouter les mots. Comment se prononce la voyelle Y ? Quelles diff\u00e9rences avec le fran\u00e7ais et l\u2019anglais ?<br>\u2013 Ecouter les mots et prononcer<br>\u2013 Compl\u00e9ter les mots avec un Y ou un I<\/p>\n\n\n\n<p><strong>Les Diphtongues&nbsp;<\/strong><br><strong>AU ou O ?<br><\/strong>\u2013 Ecouter et r\u00e9p\u00e9ter<br><strong>AU, EU, EI, ou IE ?<br><\/strong>\u2013 Cocher dans la bonne case selon que les mots entendus contiennent la diphtongue AU, EU, EI ou Ei<br>\u2013 Lire les phrases \u00e0 haute voix<\/p>\n\n\n\n<p><strong>Grammatik<br><\/strong>La d\u00e9clinaison de l\u2019adjectif \u00e9pith\u00e8te :<br>\u2013 d\u00e9duire \u00e0 partir des phrases propos\u00e9es avec des d\u00e9terminants d\u00e9finis, le d\u00e9terminant ind\u00e9fini correspondant<br>\u2013 en s\u2019inspirant de chacune des phrases propos\u00e9es, transformer les d\u00e9terminants ind\u00e9finis en d\u00e9terminants d\u00e9finis<\/p>\n\n\n\n<p><strong>H\u00f6ren \u2013 Sprechen \u2013 Schreiben<br><\/strong>La consonne G :<br>\u2013 \u00e9couter et r\u00e9p\u00e9ter, comment la lettre G se prononce-t-elle ?<br>-prononciation du G en fin de mot<br>\u2013 ig en fin de mot : r\u00e8gle<br>\u2013 les lettre NG<\/p>\n\n\n\n<p><strong>H\u00f6ren \u2013 Sprechen \u2013 Schreiben<br><\/strong>\u2013 voyelles ouvertes ou ferm\u00e9es ?<br>\u2013 \u00e9nonciation de la r\u00e8gle<br>\u2013 voyelles courtes ou longues ?<\/p>\n","protected":false},"excerpt":{"rendered":"<p>Sept-Mai H\u00f6ren \u2013 Sprechen \u2013 Schreiben-\u00ab&nbsp;H&nbsp;\u00bb muet ou expir\u00e9\u2013 Son \u00ab&nbsp;sch&nbsp;\u00bb ou \u00ab&nbsp;ch&nbsp;\u00bbGrammatik :Le datif :\u2013 souligner le personnage \u00e0 qui l\u2019action s\u2019adresse\u2013 souligner le GN au datif\u2013 trouver la pr\u00e9position manquante\u2013 Ajouter les marques dans les phrases\u2013 Replacer le groupe entre parenth\u00e8ses dans la phrase H\u00f6ren \u2013 Sprechen \u2013 SchreibenS ou Z ?\u2013 Ecoute &hellip; <a href=\"https:\/\/lacultureallemande.com\/index.php\/2024-secondes-modules\/\" class=\"more-link\">Continuer la lecture de <span class=\"screen-reader-text\">2024-Secondes Modules<\/span>  <span class=\"meta-nav\">&rarr;<\/span><\/a><\/p>\n","protected":false},"author":1,"featured_media":0,"parent":0,"menu_order":0,"comment_status":"closed","ping_status":"closed","template":"","meta":{"footnotes":""},"class_list":["post-27","page","type-page","status-publish","hentry"],"_links":{"self":[{"href":"https:\/\/lacultureallemande.com\/index.php\/wp-json\/wp\/v2\/pages\/27","targetHints":{"allow":["GET"]}}],"collection":[{"href":"https:\/\/lacultureallemande.com\/index.php\/wp-json\/wp\/v2\/pages"}],"about":[{"href":"https:\/\/lacultureallemande.com\/index.php\/wp-json\/wp\/v2\/types\/page"}],"author":[{"embeddable":true,"href":"https:\/\/lacultureallemande.com\/index.php\/wp-json\/wp\/v2\/users\/1"}],"replies":[{"embeddable":true,"href":"https:\/\/lacultureallemande.com\/index.php\/wp-json\/wp\/v2\/comments?post=27"}],"version-history":[{"count":2,"href":"https:\/\/lacultureallemande.com\/index.php\/wp-json\/wp\/v2\/pages\/27\/revisions"}],"predecessor-version":[{"id":115,"href":"https:\/\/lacultureallemande.com\/index.php\/wp-json\/wp\/v2\/pages\/27\/revisions\/115"}],"wp:attachment":[{"href":"https:\/\/lacultureallemande.com\/index.php\/wp-json\/wp\/v2\/media?parent=27"}],"curies":[{"name":"wp","href":"https:\/\/api.w.org\/{rel}","templated":true}]}}